{"id":282,"date":"2018-07-22T20:11:10","date_gmt":"2018-07-22T18:11:10","guid":{"rendered":"http:\/\/www2.kempo-karate.be\/?page_id=282"},"modified":"2023-11-03T10:08:39","modified_gmt":"2023-11-03T08:08:39","slug":"general-overview","status":"publish","type":"page","link":"http:\/\/www.kempo-karate.be\/?page_id=282","title":{"rendered":"General Overview"},"content":{"rendered":"<h1 align=\"justify\"><strong>History<\/strong><\/h1>\n<p align=\"justify\">Shin Gi Tai Kempo comes from Shin Gi Kempo whose roots are coming from the combination of three different styles:<\/p>\n<div align=\"justify\">\n<ul>\n<li>Chinese Pai Gai Noon<\/li>\n<li>\u00a0Kosho Ryu Kempo<\/li>\n<li>Nakamura&#8217;s Kempo<\/li>\n<\/ul>\n<\/div>\n<p align=\"justify\">Shin Gi Kempo was born thanks to Great Master\u00a0<strong>Soke Ceuliman <\/strong>who had the idea to mix those styles. This new\u00a0martial arts is an harmony of many linear and circular techniques. Due to a severe illness, GM Soke Ceuliman, who lived in Belgium, decided to go back to his country. This event felt like a wind of change. Under the pressure of some high ranked practitioners, such as Brugman (NL), Poestges, Turnau and Eckert, (DE) among others; Daniel Hayen has founded the\u00a0B.K.O (Belgian Kempo Organisation).<\/p>\n<p align=\"justify\">Following a hierarchic rule,\u00a0<strong>Sense\u00ef Ogy\u00a0<\/strong>should have succeed to\u00a0<strong>Soke Ceuliman.<\/strong>\u00a0However, he refused as he believed the complexity of the task was extreme. Therefore\u00a0<strong>Sense\u00ef Hayen<\/strong>, who worked a lot with his master, was designated as the bearer of the flame.<\/p>\n<p align=\"justify\">It&#8217;s in Germany that he received from the hands of\u00a0<strong>Shihan Klaus Poestges<\/strong>\u00a0(9th Dan), the\u00a0 <strong>Densho of transmission<\/strong>.\u00a0This official document is stating the agreement of\u00a0<strong>Master Ceuliman <\/strong>to choose\u00a0<strong>Sensei Hayen<\/strong>\u00a0as\u00a0 his successor.<\/p>\n<p align=\"justify\">As a first step, <span style=\"color: #ff0000;\"><a style=\"color: #ff0000;\" href=\"https:\/\/www.facebook.com\/daniel.hayen.3\" target=\"_blank\" rel=\"noopener\"><strong>Sijo Hayen<\/strong><\/a><\/span> started to structure the system. Until then, nothing was accomplished to gather the knowledge as everything was only orally transmitted to students. To offer each practitioner the same support and sources, he decided to write all techniques.<\/p>\n<p align=\"justify\">Day by day, the huge amount of work and the new restructuring slowly started to bear fruit&#8230;\u00a0 As a recognition, this evolution grew interest in other countries; and is now known in the entire world.<\/p>\n<p align=\"justify\">Furthermore, through its evolution, the <strong>Shin Gi Kempo\u00a0<\/strong>style born of two elements (sky and earth\u00a0or mind and technique) was ready to become the\u00a0<strong>Shin Gi Tai Kempo<\/strong>, style; welcoming a new element: the\u00a0 body.<\/p>\n<p align=\"justify\">To summarize in short way&#8230; Everything is tightly connected together&#8230;<\/p>\n<p align=\"justify\"><img loading=\"lazy\" decoding=\"async\" class=\"aligncenter size-full wp-image-504\" src=\"http:\/\/www.kempo-karate.be\/wp-content\/uploads\/2018\/07\/ShinGiTai.jpg\" alt=\"\" width=\"448\" height=\"191\" srcset=\"http:\/\/www.kempo-karate.be\/wp-content\/uploads\/2018\/07\/ShinGiTai.jpg 448w, http:\/\/www.kempo-karate.be\/wp-content\/uploads\/2018\/07\/ShinGiTai-300x128.jpg 300w\" sizes=\"auto, (max-width: 448px) 100vw, 448px\" \/><\/p>\n<h1 align=\"justify\">Philosophy<\/h1>\n<p align=\"justify\">Shin Gi Tai Kempo means the combination of three elements:<\/p>\n<div align=\"justify\">\n<ul>\n<li>Shin: Sky\/Air or Mental.<\/li>\n<li>Gi: Ground\/Earth or Technical Knowledge.<\/li>\n<li>Tai: Human body.<\/li>\n<\/ul>\n<\/div>\n<p align=\"center\"><img loading=\"lazy\" decoding=\"async\" class=\"aligncenter size-full wp-image-514\" src=\"http:\/\/www.kempo-karate.be\/wp-content\/uploads\/2018\/07\/shingitai.gif\" alt=\"\" width=\"219\" height=\"97\" \/><\/p>\n<p align=\"justify\">Thus, a Shin Gi Tai Kempo student must\u00a0learn to combine these three elements because one doesn&#8217;t work without the others. For example, you can be mentally strong without reaching perfection because it would also require a good technique and healthy body.<\/p>\n<p>Shin Gi Tai Kempo is the union of Gohon, feet and fists techniques with Judo, locks, throws, sweeps, immobilization, and pressure points.<\/p>\n<p><img loading=\"lazy\" decoding=\"async\" class=\"aligncenter size-full wp-image-515\" src=\"http:\/\/www.kempo-karate.be\/wp-content\/uploads\/2018\/07\/KEMPO_A_Way_Of_Life_Yin_Yang_Mini_Button_300x300.jpg\" alt=\"\" width=\"300\" height=\"300\" srcset=\"http:\/\/www.kempo-karate.be\/wp-content\/uploads\/2018\/07\/KEMPO_A_Way_Of_Life_Yin_Yang_Mini_Button_300x300.jpg 300w, http:\/\/www.kempo-karate.be\/wp-content\/uploads\/2018\/07\/KEMPO_A_Way_Of_Life_Yin_Yang_Mini_Button_300x300-150x150.jpg 150w\" sizes=\"auto, (max-width: 300px) 100vw, 300px\" \/><\/p>\n<h1 align=\"justify\">Meaning<\/h1>\n<p align=\"justify\">Kempo is a combination of old and ancient fighting techniques with modern and scientific principles. Kempo is an endless stream of movements, a force that can immobilize any opponent. Each motion predicts a specific reaction from the &#8216;enemy&#8217;. Each response\u00a0 prepares the next one. This logical stream and constant action are the essence of Kempo.<\/p>\n<p align=\"justify\">Kempo may be the most deadly Martial Art of all. To control the energy born of Kempo, the practitioner must be in total control of himself. Therefore, the mind should be trained first, followed by the body to finally be able to develop this inner force, synonym of perfect balance and harmony with oneself. It is possible to learn the way through Kempo lessons. A Kempo master is more effective than a Karate specialist. He is a master of martial art, because he is the master of himself.<\/p>\n<p align=\"justify\">You can discover this Martial Art by watching the movie &#8220;The Perfect weapon&#8221;. Here below a summary of the plot:<\/p>\n<p align=\"justify\"><img loading=\"lazy\" decoding=\"async\" class=\"aligncenter size-full wp-image-512\" src=\"http:\/\/www.kempo-karate.be\/wp-content\/uploads\/2018\/07\/51ptwTSatuL._SY445_.jpg\" alt=\"\" width=\"316\" height=\"445\" srcset=\"http:\/\/www.kempo-karate.be\/wp-content\/uploads\/2018\/07\/51ptwTSatuL._SY445_.jpg 316w, http:\/\/www.kempo-karate.be\/wp-content\/uploads\/2018\/07\/51ptwTSatuL._SY445_-213x300.jpg 213w\" sizes=\"auto, (max-width: 316px) 100vw, 316px\" \/><\/p>\n<p class=\"plotpar\" align=\"justify\">After Jeff&#8217;s mother died, he started acting up. His father not knowing what to do with him decides to consult his friend, Kim. Kim suggests that Jeff joins a Kenpo school. Jeff seems to have all of his negative energy under control but when he seriously injures someone, his father throws him out. Years later, Jeff, still in touch with Kim, believes he is in trouble. Jeff rushes to help him but is too late. Jeff&#8217;s relationship with his father is still strained. When a Korean gives him info on who is responsible, Jeff goes after him but he is only a pion. Jeff decides to investigate and fight out the real killer.<\/p>\n<h1><strong>Legend<\/strong><\/h1>\n<p><img loading=\"lazy\" decoding=\"async\" class=\"aligncenter size-full wp-image-508\" src=\"http:\/\/www.kempo-karate.be\/wp-content\/uploads\/2018\/07\/BodhidharmaYoshitoshi1887.jpg\" alt=\"\" width=\"500\" height=\"731\" srcset=\"http:\/\/www.kempo-karate.be\/wp-content\/uploads\/2018\/07\/BodhidharmaYoshitoshi1887.jpg 500w, http:\/\/www.kempo-karate.be\/wp-content\/uploads\/2018\/07\/BodhidharmaYoshitoshi1887-205x300.jpg 205w\" sizes=\"auto, (max-width: 500px) 100vw, 500px\" \/><\/p>\n<p><span style=\"font-weight: 400;\">Traditionally,\u00a0<span style=\"color: #ff0000;\"><a style=\"color: #ff0000;\" href=\"https:\/\/en.wikipedia.org\/wiki\/Bodhidharma\" target=\"_blank\" rel=\"noopener\">Bodhidharma\u00a0<\/a><\/span>is considered as the founder of the Buddhist school\u00a0<span style=\"color: #ff0000;\"><a style=\"color: #ff0000;\" href=\"https:\/\/en.wikipedia.org\/wiki\/Chan_Buddhism\" target=\"_blank\" rel=\"noopener\">Chan<\/a>\u00a0<\/span>(also known in\u00a0<span style=\"color: #ff0000;\"><a style=\"color: #ff0000;\" href=\"https:\/\/en.wikipedia.org\/wiki\/Japan\" target=\"_blank\" rel=\"noopener\">Japan<\/a>\u00a0<\/span>and\u00a0 Occident under the name of\u00a0<span style=\"color: #ff0000;\"><a style=\"color: #ff0000;\" href=\"https:\/\/en.wikipedia.org\/wiki\/Zen\" target=\"_blank\" rel=\"noopener\">Zen<\/a><\/span>) but also of the\u00a0<span style=\"color: #ff0000;\"><a style=\"color: #ff0000;\" href=\"https:\/\/en.wikipedia.org\/wiki\/Shaolin_Kung_Fu\" target=\"_blank\" rel=\"noopener\">Shaolin Quan<\/a><\/span> or \u00ab Shaolin Boxe \u00bb school. This word includes all <span style=\"color: #ff0000;\"><a style=\"color: #ff0000;\" href=\"https:\/\/en.wikipedia.org\/wiki\/Martial_arts\" target=\"_blank\" rel=\"noopener\">Martial Arts<\/a><\/span> which were born in the various\u00a0<span style=\"color: #ff0000;\"><a style=\"color: #ff0000;\" href=\"https:\/\/en.wikipedia.org\/wiki\/Shaolin_Monastery\">Shaolin\u00a0Monasteries<\/a>.<\/span>\u00a0Some styles belong to a large set of <span style=\"color: #ff0000;\"><a style=\"color: #ff0000;\" href=\"https:\/\/en.wikipedia.org\/wiki\/China\" target=\"_blank\" rel=\"noopener\">Chinese<\/a> <\/span>Martial Arts (<span style=\"color: #ff0000;\"><a style=\"color: #ff0000;\" href=\"https:\/\/en.wikipedia.org\/wiki\/Wushu_(sport)\" target=\"_blank\" rel=\"noopener\">Wushu<\/a>\u00a0<\/span>Gong Fu). The Shaolin Quan has spread all over <span style=\"color: #ff0000;\"><a style=\"color: #ff0000;\" href=\"https:\/\/en.wikipedia.org\/wiki\/Asia\" target=\"_blank\" rel=\"noopener\">Asia<\/a> <\/span>to be transmitted under different forms. It is in Japan, in the archipelago\u00a0<span style=\"color: #ff0000;\"><a style=\"color: #ff0000;\" href=\"https:\/\/en.wikipedia.org\/wiki\/Ryukyu_Islands\" target=\"_blank\" rel=\"noopener\">Ry\u016bky\u016b<\/a><\/span>, and more specifically in <span style=\"color: #ff0000;\"><a style=\"color: #ff0000;\" href=\"https:\/\/en.wikipedia.org\/wiki\/Okinawa_Island\" target=\"_blank\" rel=\"noopener\">Okinawa<\/a><\/span>, that the most famous form of Kempo will be known under the name of <span style=\"color: #ff0000;\"><a style=\"color: #ff0000;\" href=\"https:\/\/en.wikipedia.org\/wiki\/Karate\" target=\"_blank\" rel=\"noopener\">Karate<\/a><\/span>.<\/span><\/p>\n<p><img loading=\"lazy\" decoding=\"async\" class=\"aligncenter size-full wp-image-509\" src=\"http:\/\/www.kempo-karate.be\/wp-content\/uploads\/2018\/07\/cc33dd330b195728f3edfb9c872c21c7.jpg\" alt=\"\" width=\"357\" height=\"872\" srcset=\"http:\/\/www.kempo-karate.be\/wp-content\/uploads\/2018\/07\/cc33dd330b195728f3edfb9c872c21c7.jpg 357w, http:\/\/www.kempo-karate.be\/wp-content\/uploads\/2018\/07\/cc33dd330b195728f3edfb9c872c21c7-123x300.jpg 123w\" sizes=\"auto, (max-width: 357px) 100vw, 357px\" \/><\/p>\n<p>Bodhidharma (Chinese: Putidamo, Pinyin:\u00a0P\u00fat\u00edd\u00e1m\u00f3, Japanese: Bodaidaruma or\u00a0<span style=\"color: #ff0000;\"><b><a style=\"color: #ff0000;\" href=\"https:\/\/en.wikipedia.org\/wiki\/Daruma\" target=\"_blank\" rel=\"noopener\">Daruma<\/a><\/b><\/span>\u00a0and Tibetan:\u00a0<b><\/b>Dharmottara) was an <span style=\"color: #ff0000;\"><a style=\"color: #ff0000;\" href=\"https:\/\/en.wikipedia.org\/wiki\/India\" target=\"_blank\" rel=\"noopener\">Indian<\/a> <\/span>monk, who is believed to have lived at the end of the <span style=\"color: #ff0000;\"><a style=\"color: #ff0000;\" href=\"https:\/\/en.wikipedia.org\/wiki\/5th_century\" target=\"_blank\" rel=\"noopener\">5th<\/a> <\/span>or beginning of the<span style=\"color: #ff0000;\"> <a style=\"color: #ff0000;\" href=\"https:\/\/en.wikipedia.org\/wiki\/6th_century\" target=\"_blank\" rel=\"noopener\">6th<\/a><\/span> century. One mystery floats over him, as in reality, there was only one eye witness Yang Hsuan-Chih, resident of Lo-yang, named nowadays Honan. The story he wrote in 547ac was called Lo-Yang Chia-Lan-Chi (Annals of mountains and monasteries of Lo-yang).<\/p>\n<p>Bodhidharma was described as a strange man with\u00a0clear skin, bushy beard and with fiery eyes, dressed like a southern barbarian (<span style=\"color: #ff0000;\"><a style=\"color: #ff0000;\" href=\"https:\/\/en.wikipedia.org\/wiki\/Nanman\" target=\"_blank\" rel=\"noopener\">Nanman<\/a><\/span>). According to Yang Hsuan-chih, he was the oldest son of King Sughanda, descendant of Buddha. Therefore, he was the 28th\u00a0 patriarch of Buddhism. His trip is recorded into the Chinese chronicles from 543ac. Coming all the way India, he requested to meet the Emperor\u00a0<span style=\"color: #ff0000;\"><a style=\"color: #ff0000;\" href=\"https:\/\/en.wikipedia.org\/wiki\/Emperor_Wu_of_Liang\" target=\"_blank\" rel=\"noopener\">Wu<\/a>\u00a0<\/span>of the Liang dynasty (Liang Wudi or Leang Wu Ti), known protector of Buddhism in China.\u00a0 Through his discussion with the Emperor, he could explain that in spite of his efforts and all the good deeds he had accomplished, he hadn&#8217;t received any recognition.\u00a0 According to Bodhidharma, the only conceivable merit laid in the immediate and mystical knowledge of the nothingness of all things.\u00a0\u00a0In a word, temples, golden statues, the pious illustrations, ceremonials, gifts\u00a0 so all the depictions of Buddhism in China meant nothing compared to the\u00a0 quest to reach the &#8220;Awakening&#8221;.<br \/>Meditation is the only way to achieve this goal, called<span style=\"color: #ff0000;\"> <a style=\"color: #ff0000;\" href=\"https:\/\/en.wikipedia.org\/wiki\/Dhy\u0101na_in_Buddhism\" target=\"_blank\" rel=\"noopener\">Dhy\u00e2na<\/a><\/span>. Bodhidharma, literally The Enlightened One, was actually suggesting a new conception of <span style=\"color: #ff0000;\"><a style=\"color: #ff0000;\" href=\"https:\/\/en.wikipedia.org\/wiki\/Mahayana\" target=\"_blank\" rel=\"noopener\">Mah\u00e2y\u00e2na<\/a><\/span> Buddhism and questioning an entire moral, philosophical and religious system to which Wu had devoted his whole life.<br \/>The Emperor considered this revolutionary conception as a blasphemy and didn&#8217;t accept this proposition; as a consequence he dismissed Bodhidharma. His life was only spared because he was the disciple of Prajn\u00e2dhara (27th patriarch).<\/p>\n<p><img loading=\"lazy\" decoding=\"async\" class=\"aligncenter size-full wp-image-506\" src=\"http:\/\/www.kempo-karate.be\/wp-content\/uploads\/2018\/07\/Bodhidarma.jpg\" alt=\"\" width=\"180\" height=\"417\" srcset=\"http:\/\/www.kempo-karate.be\/wp-content\/uploads\/2018\/07\/Bodhidarma.jpg 180w, http:\/\/www.kempo-karate.be\/wp-content\/uploads\/2018\/07\/Bodhidarma-129x300.jpg 129w\" sizes=\"auto, (max-width: 180px) 100vw, 180px\" \/><\/p>\n<p>In 520ac, he tried to find shelter in the most famous monastery of the time, Little Forest or Shaolin Shi. Unfortunately,\u00a0 the monks didn&#8217;t grant him the right to enter their sacred territory. Bodhidharma, then, sat down and started to meditate for nine years while fixing the temple walls\u00a0 until holes were carved. Considered as a miracle, he gained the respect of the monks who let him in. To his surprise, he uncovered their awful physical conditions. The lack of vigor was the result of many hours spent transcribing old sacred texts and meditating. He came to the conclusion that the journey to reach <span style=\"color: #ff0000;\"><a style=\"color: #ff0000;\" href=\"https:\/\/en.wikipedia.org\/wiki\/Satori\" target=\"_blank\" rel=\"noopener\">Satori<\/a><\/span>, through Zen, couldn&#8217;t be taken without taking good care of\u00a0 body and therefore only the perfect union between mind and body could allow it. In this context, he decided to design some\u00a0 exercises in order to develop muscles including a large diversity of techniques mainly based on the use of punches. This form of fighting, spread in the whole country, was inspired by Indian war methods to slow integrate the local techniques to become the starting point of various Shaolin Quan schools. He passed on his dogma to <span style=\"color: #ff0000;\"><a style=\"color: #ff0000;\" href=\"https:\/\/en.wikipedia.org\/wiki\/Dazu_Huike\" target=\"_blank\" rel=\"noopener\">Hui-Ke<\/a><\/span>, considered to be the second patriarch of the Chinese Buddhism from the monastery of\u00a0 Shaolin-Si.<\/p>\n<p><img loading=\"lazy\" decoding=\"async\" class=\"aligncenter size-full wp-image-510\" src=\"http:\/\/www.kempo-karate.be\/wp-content\/uploads\/2018\/07\/Huike_thinking.jpg\" alt=\"\" width=\"1024\" height=\"588\" srcset=\"http:\/\/www.kempo-karate.be\/wp-content\/uploads\/2018\/07\/Huike_thinking.jpg 1024w, http:\/\/www.kempo-karate.be\/wp-content\/uploads\/2018\/07\/Huike_thinking-300x172.jpg 300w, http:\/\/www.kempo-karate.be\/wp-content\/uploads\/2018\/07\/Huike_thinking-768x441.jpg 768w\" sizes=\"auto, (max-width: 1024px) 100vw, 1024px\" \/><\/p>\n<p>Nowadays, this legend is widely considered as the historical truth by various Martial Arts publications. Of course, it&#8217;s important to remember the following bullets:<\/p>\n<ul>\n<li>A legend is the rewriting of historical facts using symbolic, allegoric and poetic skills.<\/li>\n<li>The oral or written transmission of a legend follows philosophical, religious, moral and ethical variables which vary though time.<\/li>\n<li>Furthermore, translations into occidental languages could lead to other mistakes. Even if consider the translation to be faithful, what is its meaning? Which language did\u00a0Bodhidharma use when he has communicating with the author? Was he a fluent Chinese speaker? Did he really mean to say he was 150 years old? If so, was Bodhidharma declaring what he thought to be the truth, or was he using enigmas, as later on the Ch&#8217;an and Zen monks?<\/li>\n<\/ul>\n<p>In 1928, all archives stored in the Shaolin monastery burnt in a fire. It is then, not really conceivable, to ever find new documents to prove that\u00a0Bodhidharma deserved his place as patriarch of\u00a0ch&#8217;an, zen and martial arts. However, the modern martial arts show the evidence that\u00a0 these\u00a0teachings have really survived.<\/p>\n<p><img loading=\"lazy\" decoding=\"async\" class=\"aligncenter size-full wp-image-507\" src=\"http:\/\/www.kempo-karate.be\/wp-content\/uploads\/2018\/07\/bodhi-dharma-statue-2965047_960_720.jpg\" alt=\"\" width=\"480\" height=\"720\" srcset=\"http:\/\/www.kempo-karate.be\/wp-content\/uploads\/2018\/07\/bodhi-dharma-statue-2965047_960_720.jpg 480w, http:\/\/www.kempo-karate.be\/wp-content\/uploads\/2018\/07\/bodhi-dharma-statue-2965047_960_720-200x300.jpg 200w\" sizes=\"auto, (max-width: 480px) 100vw, 480px\" \/><\/p>\n<blockquote>\n<p>Statue on the top of <span style=\"color: #ff0000;\"><a style=\"color: #ff0000;\" href=\"https:\/\/en.wikipedia.org\/wiki\/Mount_Song\" target=\"_blank\" rel=\"noopener\">Mount Song<\/a><\/span><\/p>\n<\/blockquote>\n\n\n<p><\/p>\n","protected":false},"excerpt":{"rendered":"<p>History Shin Gi Tai Kempo comes from Shin Gi Kempo whose roots are coming from the combination of three different styles: Chinese Pai Gai Noon \u00a0Kosho Ryu Kempo Nakamura&#8217;s Kempo Shin Gi Kempo was born thanks to Great Master\u00a0Soke Ceuliman who had the idea to mix those styles. This new\u00a0martial arts is an harmony of&#8230; <\/p>\n<div class=\"read-more navbutton\"><a href=\"http:\/\/www.kempo-karate.be\/?page_id=282\">Read More<i class=\"fa fa-angle-double-right\"><\/i><\/a><\/div>\n","protected":false},"author":2,"featured_media":0,"parent":269,"menu_order":0,"comment_status":"closed","ping_status":"closed","template":"","meta":{"footnotes":""},"class_list":["post-282","page","type-page","status-publish","hentry"],"_links":{"self":[{"href":"http:\/\/www.kempo-karate.be\/index.php?rest_route=\/wp\/v2\/pages\/282","targetHints":{"allow":["GET"]}}],"collection":[{"href":"http:\/\/www.kempo-karate.be\/index.php?rest_route=\/wp\/v2\/pages"}],"about":[{"href":"http:\/\/www.kempo-karate.be\/index.php?rest_route=\/wp\/v2\/types\/page"}],"author":[{"embeddable":true,"href":"http:\/\/www.kempo-karate.be\/index.php?rest_route=\/wp\/v2\/users\/2"}],"replies":[{"embeddable":true,"href":"http:\/\/www.kempo-karate.be\/index.php?rest_route=%2Fwp%2Fv2%2Fcomments&post=282"}],"version-history":[{"count":14,"href":"http:\/\/www.kempo-karate.be\/index.php?rest_route=\/wp\/v2\/pages\/282\/revisions"}],"predecessor-version":[{"id":5521,"href":"http:\/\/www.kempo-karate.be\/index.php?rest_route=\/wp\/v2\/pages\/282\/revisions\/5521"}],"up":[{"embeddable":true,"href":"http:\/\/www.kempo-karate.be\/index.php?rest_route=\/wp\/v2\/pages\/269"}],"wp:attachment":[{"href":"http:\/\/www.kempo-karate.be\/index.php?rest_route=%2Fwp%2Fv2%2Fmedia&parent=282"}],"curies":[{"name":"wp","href":"https:\/\/api.w.org\/{rel}","templated":true}]}}